{"id":21,"date":"2023-08-07T08:54:46","date_gmt":"2023-08-07T08:54:46","guid":{"rendered":"https:\/\/www.fijetworld.org\/web\/?page_id=21"},"modified":"2026-02-15T12:41:05","modified_gmt":"2026-02-15T12:41:05","slug":"associations","status":"publish","type":"page","link":"https:\/\/www.fijetworld.org\/web\/associations\/","title":{"rendered":"National Associations"},"content":{"rendered":"\n<p><\/p>\n\n\n\n<ul>\n<li>BAHRAIN&nbsp;<\/li>\n\n\n\n<li>BULGARIA \/&nbsp;<a href=\"https:\/\/www.abujet.net\/en\">ABUJET &#8211; Bulgarian Association of Journalists and Travel Writers<\/a><\/li>\n\n\n\n<li>CROATIA \/ <a href=\"https:\/\/fijetcroatia.eu\/\">FIJET Croatia &#8211; Croatian Travel Journalists and Writers in Tourism<\/a><\/li>\n\n\n\n<li>CYPRUS \/ <a rel=\"noreferrer noopener\" href=\"https:\/\/cyprustravelwriters.com\/\" target=\"_blank\">Cyprus Travel Writers and Journalists Society<\/a><\/li>\n\n\n\n<li>EGYPT&nbsp;<\/li>\n\n\n\n<li>FRANCE \/ <a href=\"https:\/\/www.afjet.fr\/\" data-type=\"URL\" data-id=\"https:\/\/www.afjet.fr\/\">AFJET &#8211; Association Fran\u00e7aise des Journalistes et \u00c9crivains de Tourisme<\/a><\/li>\n\n\n\n<li>GREECE<\/li>\n\n\n\n<li>ITALY&nbsp; \/ <a rel=\"noreferrer noopener\" href=\"https:\/\/www.fijetaps.it\/index.php\" data-type=\"URL\" data-id=\"https:\/\/www.fijetaps.it\/index.php\" target=\"_blank\">APS&nbsp; Associazione FIJET Italia<\/a><\/li>\n\n\n\n<li>JORDAN<\/li>\n\n\n\n<li>LEBANON<\/li>\n\n\n\n<li>MOROCCO \/ <a href=\"https:\/\/fijetmaroc.com\/\" data-type=\"URL\" data-id=\"https:\/\/fijetmaroc.com\/\">AMJET &#8211; Association Marocaine des Journalistes et Ecrivains du Tourisme<\/a> &nbsp;<\/li>\n\n\n\n<li>POLAND<\/li>\n\n\n\n<li>ROMANIA \/ <a href=\"https:\/\/fijet.ro\/\" data-type=\"URL\" data-id=\"https:\/\/clubpresaturism.ro\/\">Clubul Presei de Turism FIJET Rom\u00e2nia<\/a><\/li>\n\n\n\n<li>SERBIA \/ <a rel=\"noreferrer noopener\" href=\"https:\/\/fijet.rs\/\" target=\"_blank\">FIJET Serbia<\/a><\/li>\n\n\n\n<li>SLOVAKIA \/ <a href=\"https:\/\/www.fijetslovakia.sk\/\" data-type=\"URL\" data-id=\"https:\/\/www.fijetslovakia.sk\/\">FIJET Slovakia<\/a><\/li>\n\n\n\n<li>SLOVENIA<\/li>\n\n\n\n<li>SPAIN \/ <a href=\"https:\/\/www.fijet.es\/\" data-type=\"URL\" data-id=\"https:\/\/www.fijet.es\/\">FIJET Espa\u00f1a<\/a><\/li>\n\n\n\n<li>SWEDEN<\/li>\n\n\n\n<li>TUNISIA<\/li>\n\n\n\n<li>TURKIYE \/ <a href=\"https:\/\/turkiyetygd.com\/\" data-type=\"URL\" data-id=\"https:\/\/aturjet.org.tr\/\">T\u00fcrkiye Turizm Yazarlar\u0131 ve Gazetecileri Derne\u011fi<\/a><\/li>\n<\/ul>\n","protected":false},"excerpt":{"rendered":"","protected":false},"author":1,"featured_media":0,"parent":0,"menu_order":0,"comment_status":"closed","ping_status":"closed","template":"","meta":{"_themeisle_gutenberg_block_has_review":false},"jetpack_sharing_enabled":true,"_links":{"self":[{"href":"https:\/\/www.fijetworld.org\/web\/wp-json\/wp\/v2\/pages\/21"}],"collection":[{"href":"https:\/\/www.fijetworld.org\/web\/wp-json\/wp\/v2\/pages"}],"about":[{"href":"https:\/\/www.fijetworld.org\/web\/wp-json\/wp\/v2\/types\/page"}],"author":[{"embeddable":true,"href":"https:\/\/www.fijetworld.org\/web\/wp-json\/wp\/v2\/users\/1"}],"replies":[{"embeddable":true,"href":"https:\/\/www.fijetworld.org\/web\/wp-json\/wp\/v2\/comments?post=21"}],"version-history":[{"count":19,"href":"https:\/\/www.fijetworld.org\/web\/wp-json\/wp\/v2\/pages\/21\/revisions"}],"predecessor-version":[{"id":581,"href":"https:\/\/www.fijetworld.org\/web\/wp-json\/wp\/v2\/pages\/21\/revisions\/581"}],"wp:attachment":[{"href":"https:\/\/www.fijetworld.org\/web\/wp-json\/wp\/v2\/media?parent=21"}],"curies":[{"name":"wp","href":"https:\/\/api.w.org\/{rel}","templated":true}]}}